{"id":43,"date":"2019-10-10T12:58:02","date_gmt":"2019-10-10T12:58:02","guid":{"rendered":"https:\/\/lisafranken.demo.mediamindz.nl\/?page_id=43"},"modified":"2020-02-28T10:05:43","modified_gmt":"2020-02-28T10:05:43","slug":"biography","status":"publish","type":"page","link":"https:\/\/lisafranken.com\/de\/biography\/","title":{"rendered":"Biography"},"content":{"rendered":"<p>Lisa Franken erhielt bereits mit 3 Jahrenden den ersten Klavierunterricht, ein Jahr sp\u00e4ter kam der Cellounterricht dazu. Mit 16 Jahren nahm sie Ihr Studium auf mit den beiden Instrumenten als Hauptfach. Sie studierte an den Musikhochschulen in K\u00f6ln, Br\u00fcssel und Maastricht. Sie absolvierte Ihre Bachelor und Master of Music Ausbildungen an beiden Instrumenten mit Auszeichnung. Sie trat in Europa, Russland, Jordanien und anderen\u00a0 L\u00e4ndern auf. Zahlreiche Preise und Auszeichnungen bei internationalen Wettbewerben und Festivals folgten.<\/p>\n<p>Im Laufe der Jahre f\u00fchrte Lisa Franken eine umfangreiche T\u00e4tigkeit als Kammermusikerin, in Besetzungen vom Duo bis Oktett. Au\u00dferdem erhielt sie mehrere Zeitvertr\u00e4ge als Solo-cellistin bei verschiedenen Orchestern. In dieser Zeit entstanden mehrere CD- Aufnahmen in mit den Werken von der Klassik, leichten Klassik und eigenen Arrangements von Tango- und Filmmusik.<\/p>\n<p>Seit 2010 wohnt Lisa Franken in den Niederlanden wo Sie einer regen Konzertt\u00e4tigkeit nachgeht. Ihr Schwerpunkt liegt dabei auf den Solo- Auftritten wobei sie Klavier und Cello abwechselnd spielt. Seit 2016 ist sie Hauptfachdozentin f\u00fcr Violoncello an der renommierten Anton-Rubinstein-Akademie in D\u00fcsseldorf.<\/p>\n<p>&nbsp;<\/p>","protected":false},"excerpt":{"rendered":"<p>Lisa Franken erhielt bereits mit 3 Jahrenden den ersten Klavierunterricht, ein Jahr sp\u00e4ter kam der Cellounterricht dazu. Mit 16 Jahren nahm sie Ihr Studium auf mit den beiden Instrumenten als Hauptfach. Sie studierte an den Musikhochschulen in K\u00f6ln, Br\u00fcssel und Maastricht. Sie absolvierte Ihre Bachelor und Master of Music Ausbildungen an beiden Instrumenten mit Auszeichnung. Sie trat in Europa, Russland, [&#8230;] <a href=\"https:\/\/lisafranken.com\/de\/biography\/\" class=\"readmore-button\">Lees verder &raquo;<\/a><\/p>\n","protected":false},"author":2,"featured_media":31,"parent":0,"menu_order":0,"comment_status":"closed","ping_status":"closed","template":"","meta":{"_acf_changed":false,"footnotes":""},"class_list":["post-43","page","type-page","status-publish","has-post-thumbnail","hentry"],"acf":[],"_links":{"self":[{"href":"https:\/\/lisafranken.com\/de\/wp-json\/wp\/v2\/pages\/43","targetHints":{"allow":["GET"]}}],"collection":[{"href":"https:\/\/lisafranken.com\/de\/wp-json\/wp\/v2\/pages"}],"about":[{"href":"https:\/\/lisafranken.com\/de\/wp-json\/wp\/v2\/types\/page"}],"author":[{"embeddable":true,"href":"https:\/\/lisafranken.com\/de\/wp-json\/wp\/v2\/users\/2"}],"replies":[{"embeddable":true,"href":"https:\/\/lisafranken.com\/de\/wp-json\/wp\/v2\/comments?post=43"}],"version-history":[{"count":16,"href":"https:\/\/lisafranken.com\/de\/wp-json\/wp\/v2\/pages\/43\/revisions"}],"predecessor-version":[{"id":192,"href":"https:\/\/lisafranken.com\/de\/wp-json\/wp\/v2\/pages\/43\/revisions\/192"}],"wp:featuredmedia":[{"embeddable":true,"href":"https:\/\/lisafranken.com\/de\/wp-json\/wp\/v2\/media\/31"}],"wp:attachment":[{"href":"https:\/\/lisafranken.com\/de\/wp-json\/wp\/v2\/media?parent=43"}],"curies":[{"name":"wp","href":"https:\/\/api.w.org\/{rel}","templated":true}]}}