{"id":105,"date":"2019-11-04T11:15:48","date_gmt":"2019-11-04T11:15:48","guid":{"rendered":"https:\/\/lisafranken.demo.mediamindz.nl\/?page_id=105"},"modified":"2020-03-04T10:04:18","modified_gmt":"2020-03-04T10:04:18","slug":"repertoire","status":"publish","type":"page","link":"https:\/\/lisafranken.com\/de\/repertoire\/","title":{"rendered":"Repertoire"},"content":{"rendered":"<p><strong>KLAVIER SOLO<\/strong><\/p>\n<p>&nbsp;<\/p>\n<p><strong><span lang=\"de-DE\">I. ALBENIZ<\/span><\/strong><\/p>\n<p><span lang=\"de-DE\">Suite espa\u00f1ola <\/span><\/p>\n<p><strong><a name=\"_GoBack\"><\/a> <span lang=\"de-DE\">J.S. BACH<\/span><\/strong><\/p>\n<p><span lang=\"de-DE\">Diverse Pr\u00e4ludien und Fugen WTK I,II<\/span><\/p>\n<p><span lang=\"de-DE\">Franz\u00f6sische, Englische Suiten, Partiten, Toccaten<\/span><\/p>\n<p><span lang=\"de-DE\">Italienisches Konzert <\/span><\/p>\n<p><span lang=\"de-DE\">Diverse Nummern aus der &#8222;Kunst der Fuge&#8220;<\/span><\/p>\n<p><strong><span lang=\"de-DE\">C. PH. E. BACH<\/span><\/strong><\/p>\n<p><span lang=\"de-DE\">Diverse Sonaten<\/span><\/p>\n<p>Fantasia\u2018s<\/p>\n<p><strong>L. VAN BEETHOVEN<\/strong><\/p>\n<p>Klavierkonzerte Nn. 1,3<\/p>\n<p>Sonaten: Op. 2 Nr 1, Op. 10 Nr 1,<\/p>\n<p>Op. 26, Op. 27 Nr 2 &#8222;Mondschein&#8220;,<\/p>\n<p>Op.31 Nr.2, Op.49 Nn 1,2,<\/p>\n<p>Op. 53 &#8222;Waldstein&#8220;, Op. 57 &#8222;Apassionata&#8220;,<\/p>\n<p>Op. 109, Op.111.<\/p>\n<p><strong><span lang=\"de-DE\">J. BRAHMS<\/span><\/strong><\/p>\n<p><span lang=\"de-DE\">Klavierkonzert Nr 2,<\/span><\/p>\n<p><span lang=\"de-DE\">Sonate Op.5 Nr 3<\/span><\/p>\n<p><span lang=\"de-DE\">Variationen \u00fcber ein Thema von H\u00e4ndel<\/span><\/p>\n<p><span lang=\"de-DE\">Variationen \u00fcber ein Thema von Schumann<\/span><\/p>\n<p>Intermezzi Op.117, Klavierst\u00fccke Op.76<\/p>\n<p><strong>F. CHOPIN<\/strong><\/p>\n<p><span lang=\"de-DE\">Klavierkonzert Nr 2<\/span><\/p>\n<p><span lang=\"de-DE\">Sonate Nr 3 Op. 58<\/span><\/p>\n<p><span lang=\"de-DE\">Balladen Nn 1,4,<\/span><\/p>\n<p><span lang=\"de-DE\">Scherzi Nn 1,3,4<\/span><\/p>\n<p><span lang=\"de-DE\">Fantasie Op. 49, Fantasie Impromptu<\/span><\/p>\n<p><span lang=\"de-DE\">diverse Impromptus, Mazurkas, Polonaisen<\/span><\/p>\n<p><span lang=\"de-DE\">Walzer, Et\u00fcden, diverse Preludes aus Op. 28<\/span><\/p>\n<p><strong><span lang=\"de-DE\">C. DEBUSSY<\/span><\/strong><\/p>\n<p><span lang=\"de-DE\">12 Preludes f\u00fcr Klavier Bd.1<\/span><\/p>\n<p><span lang=\"de-DE\">diverse Et\u00fcden, kleine St\u00fccke <\/span><\/p>\n<p><strong><span lang=\"de-DE\">C. FRANCK <\/span><\/strong><\/p>\n<p>Pr\u00e9lude, chorale et fugue<\/p>\n<p><strong>E. GRIEG<\/strong><\/p>\n<p><span lang=\"de-DE\">Konzert f\u00fcr Klavier und Orchester<\/span><\/p>\n<p><strong><span lang=\"de-DE\">J. HAYDN <\/span><\/strong><\/p>\n<p><span lang=\"de-DE\">Diverse Sonaten<\/span><\/p>\n<p><strong><span lang=\"de-DE\">F. LISZT<\/span><\/strong><\/p>\n<p><span lang=\"de-DE\">Konzert f\u00fcr Klavier und Orchester Nr 2 <\/span><\/p>\n<p><span lang=\"de-DE\">&#8222;Apres une lecture de Dante&#8220;<\/span><\/p>\n<p><span lang=\"de-DE\">Rhapsodie espagnole<\/span><\/p>\n<p><span lang=\"de-DE\">Variationen \u00fcber ein Motiv von Bach<\/span><\/p>\n<p><span lang=\"de-DE\">&#8222;Waldesrauschen&#8220;, &#8222;Irrlichter&#8220;, <\/span><\/p>\n<p><span lang=\"de-DE\">&#8222;Gnomenreigen&#8220; und weitere Konzertet\u00fcden, diverse Et\u00fcden <\/span><\/p>\n<p><span lang=\"de-DE\">F. SCHUBERT\/F. LISZT \u201eAve Maria\u201c \u201eDie Forelle\u201c <\/span><\/p>\n<p><strong><span lang=\"de-DE\">W.A. MOZART <\/span><\/strong><\/p>\n<p><span lang=\"de-DE\">Diverse Konzerte f\u00fcr Klavier und Orchester<\/span><\/p>\n<p><span lang=\"de-DE\">diverse Sonaten <\/span><\/p>\n<p><strong><span lang=\"de-DE\">A P\u00c4RT<\/span><\/strong><\/p>\n<p><span lang=\"de-DE\">F\u00fcr Alina<\/span><\/p>\n<p><strong>A. PIAZZOLLA<\/strong><\/p>\n<p>Milonga for three , Marejadilla, Goal, Libertango und andere Tango\u2018s<\/p>\n<p><strong><span lang=\"de-DE\">S. PROKOFJEW <\/span><\/strong><\/p>\n<p><span lang=\"de-DE\">Konzert f\u00fcr Klavier und Orchester Nr.3<\/span><\/p>\n<p><span lang=\"de-DE\">Sonate Nr.6, diverse &#8222;Visions fugitives\u2018\u2018<\/span><\/p>\n<p><span lang=\"de-DE\">4 Feen aus dem Ballett &#8222;Aschenputtel&#8220;<\/span><\/p>\n<p><strong><span lang=\"de-DE\">S. RACHMANINOV <\/span><\/strong><\/p>\n<p><span lang=\"de-DE\">Konzerte f\u00fcr Klavier und Orchester Nn 2,3 <\/span><\/p>\n<p>&#8222;Corelli&#8220;-Variationen, Etudes tableaux Op. 33<\/p>\n<p><strong>M. RAVEL<\/strong><\/p>\n<p>&#8222;Gaspard de la nuit&#8220;, &#8222;Jeux d\u00b4eau&#8220;<\/p>\n<p><span lang=\"de-DE\">&#8222;Valses nobles et sentimentales&#8220; <\/span><\/p>\n<p><span lang=\"de-DE\">&#8222;Tombeau de Couperin&#8220;<\/span><\/p>\n<p><strong><span lang=\"de-DE\">N. RIMSKI-KORSAKOW <\/span><\/strong><\/p>\n<p><span lang=\"de-DE\">&#8222;Hummelflug&#8220; (Bearb. S. Rachmaninow)<\/span><\/p>\n<p><span lang=\"de-DE\">E. SATIE<\/span><\/p>\n<p><span lang=\"de-DE\">Gymnopedien<\/span><\/p>\n<p><span lang=\"de-DE\">diverse St\u00fccke<\/span><\/p>\n<p><strong><span lang=\"de-DE\">D. SCARLATTI <\/span><\/strong><\/p>\n<p><span lang=\"de-DE\">Diverse Sonaten<\/span><\/p>\n<p><strong><span lang=\"de-DE\">D. SCHOSTAKOWITSCH <\/span><\/strong><\/p>\n<p><span lang=\"de-DE\">Sonate Nr.2<\/span><\/p>\n<p><span lang=\"de-DE\">diverse Pr\u00e4ludien und Fugas<\/span><\/p>\n<p><span lang=\"de-DE\">&#8222;Aphorismen&#8220; <\/span><\/p>\n<p><strong><span lang=\"de-DE\">F. SCHUBERT <\/span><\/strong><\/p>\n<p><span lang=\"de-DE\">Sonate D537, Sonate D960,<\/span><\/p>\n<p>Impromptus Op. 90 Nn 3, 4<\/p>\n<p>Impromptu Op.142\/3<\/p>\n<p><strong><span lang=\"de-DE\">R. SCHUMANN <\/span><\/strong><\/p>\n<p><span lang=\"de-DE\">Sonaten Nn 1,2,<\/span><\/p>\n<p><span lang=\"de-DE\">&#8222;Davidsb\u00fcndlert\u00e4nze&#8220; <\/span><\/p>\n<p><span lang=\"de-DE\">&#8222;Kreisleriana&#8220; <\/span><\/p>\n<p><strong><span lang=\"de-DE\">A. SKRJABIN <\/span><\/strong><\/p>\n<p><span lang=\"de-DE\">Sonate Nr.5<\/span><\/p>\n<p><span lang=\"de-DE\">diverse Et\u00fcden Op.8 <\/span><\/p>\n<p><strong><span lang=\"de-DE\">P. TSCHAIKOWSKI <\/span><\/strong><\/p>\n<p><span lang=\"de-DE\">&#8222;Die Jahreszeiten&#8220; <\/span><\/p>\n<p>&nbsp;<\/p>\n<p><strong><span lang=\"de-DE\">KAMMERMUSIK MIT ANDEREN INSTRUMENTEN <\/span><\/strong><\/p>\n<p>&nbsp;<\/p>\n<p><strong><span lang=\"de-DE\">J.S. BACH <\/span><\/strong><\/p>\n<p>Gamba-Sonaten BWV 1027,1029<\/p>\n<p><strong>L. VAN BEETHOVEN<\/strong><\/p>\n<p><span lang=\"de-DE\">Klaviertrio Nr. 1 &#8222;Gassenhauer&#8220;<\/span><\/p>\n<p><span lang=\"de-DE\">Sonaten f\u00fcr Cello und Klavier Nn 2,3,4 <\/span><\/p>\n<p><span lang=\"de-DE\">Sonate f\u00fcr Violine und Klavier Nr. 8<\/span><\/p>\n<p><span lang=\"de-DE\">Variationen f\u00fcr Cello und Klavier \u00fcber ein Thema von Mozart &#8222;Bei M\u00e4nnern, welche Liebe f\u00fchle<\/span><\/p>\n<p><strong><span lang=\"de-DE\">B. BART\u00d3K <\/span><\/strong><\/p>\n<p><span lang=\"de-DE\">Sonate f\u00fcr zwei Klaviere und Schlagzeug<\/span><\/p>\n<p><strong><span lang=\"de-DE\">J. BRAHMS <\/span><\/strong><\/p>\n<p><span lang=\"de-DE\">Klaviertrio Op.posth.<\/span><\/p>\n<p><span lang=\"de-DE\">Klarinettentrio<\/span><\/p>\n<p><span lang=\"de-DE\">Sonaten f\u00fcr Cello und Klavier Nn 1,2<\/span><\/p>\n<p><span lang=\"de-DE\">Sonaten f\u00fcr Violine und Klavier Nn 1,3 <\/span><\/p>\n<p><strong><span lang=\"de-DE\">F. BUSONI <\/span><\/strong><\/p>\n<p><span lang=\"de-DE\">Duettino Concertante f\u00fcr zwei Klaviere<\/span><\/p>\n<p><strong><span lang=\"de-DE\">C. DEBUSSY <\/span><\/strong><\/p>\n<p><span lang=\"de-DE\">&#8222;Six epigraphes antiques&#8220; f\u00fcr Klavier 4-h\u00e4ndig<\/span><\/p>\n<p><strong><span lang=\"de-DE\">A. DVOR\u00c1K<\/span><\/strong><\/p>\n<p><span lang=\"de-DE\">Diverse Slawische T\u00e4nze Op.72 f\u00fcr Klaviern 4-h\u00e4ndig <\/span><\/p>\n<p><strong><span lang=\"de-DE\">C. FRANCK <\/span><\/strong><\/p>\n<p><span lang=\"de-DE\">Sonate f\u00fcr Violine und Klavier<\/span><\/p>\n<p><strong><span lang=\"de-DE\">E. GRIEG <\/span><\/strong><\/p>\n<p><span lang=\"de-DE\">Norwegische T\u00e4nze f\u00fcr Klavier 4-h\u00e4ndig<\/span><\/p>\n<p><strong><span lang=\"de-DE\">A. HONEGGER <\/span><\/strong><\/p>\n<p><span lang=\"de-DE\">Sonate f\u00fcr Cello und Klavier <\/span><\/p>\n<p><strong><span lang=\"de-DE\">W. LUTOSLAWSKI <\/span><\/strong><\/p>\n<p><span lang=\"de-DE\">Paganini-Variationen f\u00fcr zwei Klaviere <\/span><\/p>\n<p><strong><span lang=\"de-DE\">B. MARTINU <\/span><\/strong><\/p>\n<p><span lang=\"de-DE\">Trio f\u00fcr Klavier, Fl\u00f6te und Cello <\/span><\/p>\n<p><strong><span lang=\"de-DE\">F. MENDELSSOHN-BARTHOLDY <\/span><\/strong><\/p>\n<p><span lang=\"de-DE\">Sonate f\u00fcr Cello und Klavier Nr.1 <\/span><\/p>\n<p><strong><span lang=\"de-DE\">W.A. MOZART <\/span><\/strong><\/p>\n<p><span lang=\"de-DE\">Konzert f\u00fcr zwei Klaviere<\/span><\/p>\n<p><span lang=\"de-DE\">Sonate f\u00fcr zwei Klaviere<\/span><\/p>\n<p><span lang=\"de-DE\">diverse Sonaten f\u00fcr Klavier 4-h\u00e4ndig<\/span><\/p>\n<p><span lang=\"de-DE\">diverse Sonaten f\u00fcr Violine und Klavier <\/span><\/p>\n<p><strong><span lang=\"de-DE\">A. PIAZZOLLA<\/span><\/strong><\/p>\n<p><span lang=\"de-DE\">Le Grand Tango, diverse Tangos <\/span><\/p>\n<p><strong><span lang=\"de-DE\">F. POULENC<\/span><\/strong><\/p>\n<p><span lang=\"de-DE\">Sonate f\u00fcr zwei Klaviere<\/span><\/p>\n<p><strong><span lang=\"de-DE\">S. PROKOFJEW<\/span><\/strong><\/p>\n<p><span lang=\"de-DE\">Sonate f\u00fcr Violine und Klavier Nr 1<\/span><\/p>\n<p><strong><span lang=\"de-DE\">S. RACHMANINOW<\/span><\/strong><\/p>\n<p><span lang=\"de-DE\">Suite f\u00fcr zwei Klaviere Nr 2<\/span><\/p>\n<p><span lang=\"de-DE\">6 Marceux f\u00fcr Klavier 4- h\u00e4ndig <\/span><\/p>\n<p><strong><span lang=\"de-DE\">M. RAVEL<\/span><\/strong><\/p>\n<p><span lang=\"de-DE\">&#8222;La Valse&#8220; f\u00fcr zwei Klaviere<\/span><\/p>\n<p><span lang=\"de-DE\">Sonate f\u00fcr Violine und Klavier <\/span><\/p>\n<p><strong><span lang=\"de-DE\">M. REGER<\/span><\/strong><\/p>\n<p><span lang=\"de-DE\">6 Burlesken f\u00fcr Klavier 4-h\u00e4ndig <\/span><\/p>\n<p><strong><span lang=\"de-DE\">F. SCHUBERT<\/span><\/strong><\/p>\n<p><span lang=\"de-DE\">&#8222;Arpeggione&#8220;<\/span><\/p>\n<p><span lang=\"de-DE\">Fantasie D940 &#8222;Lebensst\u00fcrme&#8220; f\u00fcr Klavier 4-h\u00e4ndig<\/span><\/p>\n<p><span lang=\"de-DE\">Andante mit Variationen f\u00fcr Klavier4-h\u00e4ndig<\/span><\/p>\n<p><strong><span lang=\"de-DE\">D. SCHOSTAKOWITSCH<\/span><\/strong><\/p>\n<p><span lang=\"de-DE\">Sonate f\u00fcr Cello und Klavier Op.40 <\/span><\/p>\n<p><strong><span lang=\"de-DE\">R. SCHUMANN<\/span><\/strong><\/p>\n<p><span lang=\"de-DE\">&#8222;Bilder aus dem Osten&#8220; f\u00fcr Klavier 4-h\u00e4ndig<\/span><\/p>\n<p><strong><span lang=\"de-DE\">I. STRAWINSKI<\/span><\/strong><\/p>\n<p><span lang=\"de-DE\">Suite Italienne f\u00fcr Cello und Klavier<\/span><\/p>\n<p>&nbsp;<\/p>\n<p><strong>VIOLONCELLO SOLO<\/strong><\/p>\n<p>&nbsp;<\/p>\n<p><strong>I.ALBENIZ<\/strong><\/p>\n<p>Asturias (bearb. f\u00fcr Cello solo von W. Thomas-Mifune)<\/p>\n<p><strong>J.S. BACH<\/strong><\/p>\n<p>6 Suiten\u00a0 f\u00fcr Cello solo<\/p>\n<p>Gamba-Sonaten BWV 1027,1029<\/p>\n<p><strong>B. BART\u00d3K<\/strong><\/p>\n<p>Rhapsodie f\u00fcr Violine und Orchester (Arr. f\u00fcr Cello)<\/p>\n<p>&#8222;Rum\u00e4nische T\u00e4nze&#8220; f\u00fcr Violine und Klavier (Arr. f\u00fcr Cello L. Franken)<\/p>\n<p><strong>L.VAN BEETHOVEN<\/strong><\/p>\n<p>Sonaten f\u00fcr Cello und Klavier Nn 2,3,4<\/p>\n<p>Variationen \u00fcber ein Thema von Mozart<\/p>\n<p>&#8222;Ein M\u00e4dchen, ein Weibchen&#8220;<\/p>\n<p><strong>\u00a0E.BLOCH<\/strong><\/p>\n<p>&#8222;Schelomo&#8220;<\/p>\n<p><strong>L. BOCCHERINI<\/strong><\/p>\n<p>Konzert B-Dur, diverse Sonaten<\/p>\n<p><strong>J. BRAHMS<\/strong><\/p>\n<p>Sonaten f\u00fcr Cello und Klavier Nn 1,2<\/p>\n<p><strong>M. BRUCH<\/strong><\/p>\n<p>&#8222;Kol Nidrei&#8220;<\/p>\n<p><strong>\u00a0G.CASSADO\u00a0\u00a0<\/strong><\/p>\n<p>Suite f\u00fcr Cello solo<\/p>\n<p><strong>F. CHOPIN<\/strong><\/p>\n<p>Polonaise Brilliante (Arr. f\u00fcr Cello und Klavier)<\/p>\n<p><strong>E. D\u00b4ALBERT<\/strong><\/p>\n<p>Konzert f\u00fcr Cello und Orchester<\/p>\n<p><strong>C. DEBUSSY<\/strong><\/p>\n<p>Sonate f\u00fcr Cello und Klavier<\/p>\n<p><strong>A. DVOR\u00c1K<\/strong><\/p>\n<p>Konzert f\u00fcr Cello und Orchester<\/p>\n<p>Silent Woods op. 68 Nr. 5<\/p>\n<p><strong>H. ECCLES<\/strong><\/p>\n<p>Sonate f\u00fcr Cello in g- moll<\/p>\n<p><strong>E. ELGAR<\/strong><\/p>\n<p>Konzert f\u00fcr Cello und Orchester<\/p>\n<p><strong>M. DE FALLA<\/strong><\/p>\n<p>Suite populaire espagnole (Arr. f\u00fcr Cello)<\/p>\n<p><strong>G. FAURE<\/strong><\/p>\n<p>Apr\u00e9s un R\u00e9ve, Elegie<\/p>\n<p><strong>S. GUBAIDULINA<\/strong><\/p>\n<p>Diverse Preludes f\u00fcr Cello solo<\/p>\n<p><strong>J. HAYDN<\/strong><\/p>\n<p>Konzerte f\u00fcr Cello und Orchester C-D, D-Dur<\/p>\n<p><strong>P. HINDEMITH<\/strong><\/p>\n<p>Sonate f\u00fcr Cello solo<\/p>\n<p><strong>Z. KOD\u00c1LY<\/strong><\/p>\n<p>Sonate f\u00fcr Cello solo Op. 8<\/p>\n<p><strong>E. LALO<\/strong><\/p>\n<p>Konzert f\u00fcr Cello und Orchester<\/p>\n<p><strong>G. LIGETI<\/strong><\/p>\n<p>Sonate f\u00fcr Cello solo<\/p>\n<p><strong>M. MARAIS<\/strong><\/p>\n<p>La Folia<\/p>\n<p><strong>B. MARTINU<\/strong><\/p>\n<p>Variationen \u00fcber ein slowakisches Thema<\/p>\n<p><strong>J. MASSENET<\/strong><\/p>\n<p>Meditation von \u201eThais\u201c<\/p>\n<p><strong>A. P\u00c4RT<\/strong><\/p>\n<p>&#8222;Fratres\u2018\u2018, \u201a\u2018Spiegel im Spiegel\u2018\u2018<\/p>\n<p><strong>N. PAGANINI<\/strong><\/p>\n<p>Variationen auf einer Saite<\/p>\n<p>diverse Caprices f\u00fcr Violine solo (Arr. f\u00fcr Cello)<\/p>\n<p><strong>A. PIAZZOLLA<\/strong><\/p>\n<p>Le Grand Tango, diverse Tangos<\/p>\n<p><strong>S. PROKOFJEW<\/strong><\/p>\n<p>Sonate f\u00fcr Cello und Klavier<\/p>\n<p>Sinfonia Concertante<\/p>\n<p><strong>S. RACHMANINOV<\/strong><\/p>\n<p>Sonate f\u00fcr Cello und Klavier<\/p>\n<p><strong>M. REGER<\/strong><\/p>\n<p>Suite f\u00fcr Cello solo Nr.2<\/p>\n<p><strong>C. SAINT-SAENS<\/strong><\/p>\n<p>Konzert f\u00fcr Cello mit Orchester e-moll<\/p>\n<p>Allegro Apassionato , Der Schwan<\/p>\n<p><strong>A. SCHNITTKE<\/strong><\/p>\n<p>Sonate f\u00fcr Cello Nr.1<\/p>\n<p><strong>D. SCHOSTAKOWITSCH<\/strong><\/p>\n<p>Konzerte f\u00fcr Cello und Orchester Nn 1, 2<\/p>\n<p>Sonate Op. 40<\/p>\n<p><strong>F. SCHUBERT<\/strong><\/p>\n<p>&#8222;Arpeggione&#8220;<\/p>\n<p><strong>R. SCHUMANN<\/strong><\/p>\n<p>Konzert f\u00fcr Cello und Orchester<\/p>\n<p>Adagio und Allegro<\/p>\n<p>5 St\u00fccke im Volkston, Fantasiest\u00fccke Op. 73<\/p>\n<p><strong>I. STRAWINSKI<\/strong><\/p>\n<p>Suite Italienne<\/p>\n<p><strong>P.I. TSCHAIKOWSKI<\/strong><\/p>\n<p>Rococo-Variationen<\/p>\n<p>Pezzo Capriccioso, diverse St\u00fccke<\/p>\n<p><strong>E. YSAYE<\/strong><\/p>\n<p>Sonate f\u00fcr Cello solo Op. 28<\/p>\n<p>&nbsp;<\/p>\n<p><strong>KAMMERMUSIK MIT KLAVIER\u00a0 UND ANDEREN INSTRUMENTEN<\/strong><\/p>\n<p>&nbsp;<\/p>\n<p><strong>I. ALBEN\u00cdZ<\/strong><\/p>\n<p>Asturias, Cuba, Sevilla (Arr. f\u00fcr 2 Celli von\u00a0 W. Thomas-Mifune)<\/p>\n<p><strong>L. VAN BEETHOVEN<\/strong><\/p>\n<p>Tripelkonzert<\/p>\n<p>&#8222;Gassenhauer&#8220;-Trio<\/p>\n<p>diverse Duetti f\u00fcr Violine\u00a0 und Cello<\/p>\n<p><strong>J. BRAHMS<\/strong><\/p>\n<p>Sextett B-Dur Op.18,<\/p>\n<p>Klarinettentrio a-moll Op. 114<\/p>\n<p>Doppelkonzert f\u00fcr Violine, Cello und Orchester<\/p>\n<p><strong>F. COUPERIN<\/strong><\/p>\n<p>Konzert f\u00fcr zwei Celli G-Dur<\/p>\n<p>diverse St\u00fccke<\/p>\n<p><strong>C. DEBUSSY<\/strong><\/p>\n<p>Klaviertrio G-Dur<\/p>\n<p><strong>H\u00c4NDEL\/HALVORSEN<\/strong><\/p>\n<p>Passacaglia f\u00fcr Violine und Cello<\/p>\n<p><strong>J. HAYDN<\/strong><\/p>\n<p>Diverse Streichquartette<\/p>\n<p>Duetti f\u00fcr zwei Celli<\/p>\n<p><strong>F. MENDELSSOHN-BARTHOLDY<\/strong><\/p>\n<p>Oktett Op. 20 Es-Dur<\/p>\n<p>diverse Streichquartette<\/p>\n<p><strong>W.A. MOZART<\/strong><\/p>\n<p>Diverse Streichquartette, Klaviertrios<\/p>\n<p>Klavierquartett g- moll KV478<\/p>\n<p><strong>M. RAVEL<\/strong><\/p>\n<p>Klaviertrio a-moll<\/p>\n<p>Sonate f\u00fcr Violine und Cello<\/p>\n<p><strong>G. ROSSINI<\/strong><\/p>\n<p>Duo f\u00fcr Cello und Kontrabass<\/p>\n<p><strong>D. SCHOSTAKOWISCH<\/strong><\/p>\n<p>Streichquartett Nr 8 Op. 110<\/p>\n<p>&nbsp;<\/p>\n<p>&nbsp;<\/p>\n<p>&nbsp;<\/p>\n<p>&nbsp;<\/p>\n<p>&nbsp;<\/p>\n<p>&nbsp;<\/p>\n<p>&nbsp;<\/p>\n<p>&nbsp;<\/p>\n<p>&nbsp;<\/p>\n<p>&nbsp;<\/p>\n<p>&nbsp;<\/p>\n<p>&nbsp;<\/p>\n<p>&nbsp;<\/p>\n<p>&nbsp;<\/p>\n<p>&nbsp;<\/p>\n<p>&nbsp;<\/p>\n<p>&nbsp;<\/p>\n<p>&nbsp;<\/p>\n<p>&nbsp;<\/p>\n<p>&nbsp;<\/p>","protected":false},"excerpt":{"rendered":"<p>KLAVIER SOLO &nbsp; I. ALBENIZ Suite espa\u00f1ola J.S. BACH Diverse Pr\u00e4ludien und Fugen WTK I,II Franz\u00f6sische, Englische Suiten, Partiten, Toccaten Italienisches Konzert Diverse Nummern aus der &#8222;Kunst der Fuge&#8220; C. PH. E. BACH Diverse Sonaten Fantasia\u2018s L. VAN BEETHOVEN Klavierkonzerte Nn. 1,3 Sonaten: Op. 2 Nr 1, Op. 10 Nr 1, Op. 26, Op. 27 Nr 2 &#8222;Mondschein&#8220;, Op.31 Nr.2, [&#8230;] <a href=\"https:\/\/lisafranken.com\/de\/repertoire\/\" class=\"readmore-button\">Lees verder &raquo;<\/a><\/p>\n","protected":false},"author":2,"featured_media":0,"parent":0,"menu_order":0,"comment_status":"closed","ping_status":"closed","template":"","meta":{"_acf_changed":false,"footnotes":""},"class_list":["post-105","page","type-page","status-publish","hentry"],"acf":[],"_links":{"self":[{"href":"https:\/\/lisafranken.com\/de\/wp-json\/wp\/v2\/pages\/105","targetHints":{"allow":["GET"]}}],"collection":[{"href":"https:\/\/lisafranken.com\/de\/wp-json\/wp\/v2\/pages"}],"about":[{"href":"https:\/\/lisafranken.com\/de\/wp-json\/wp\/v2\/types\/page"}],"author":[{"embeddable":true,"href":"https:\/\/lisafranken.com\/de\/wp-json\/wp\/v2\/users\/2"}],"replies":[{"embeddable":true,"href":"https:\/\/lisafranken.com\/de\/wp-json\/wp\/v2\/comments?post=105"}],"version-history":[{"count":18,"href":"https:\/\/lisafranken.com\/de\/wp-json\/wp\/v2\/pages\/105\/revisions"}],"predecessor-version":[{"id":241,"href":"https:\/\/lisafranken.com\/de\/wp-json\/wp\/v2\/pages\/105\/revisions\/241"}],"wp:attachment":[{"href":"https:\/\/lisafranken.com\/de\/wp-json\/wp\/v2\/media?parent=105"}],"curies":[{"name":"wp","href":"https:\/\/api.w.org\/{rel}","templated":true}]}}